{"id":8,"date":"2023-06-22T10:18:07","date_gmt":"2023-06-22T10:18:07","guid":{"rendered":"http:\/\/www.rokytnice190.cz\/?page_id=8"},"modified":"2023-06-22T12:24:32","modified_gmt":"2023-06-22T12:24:32","slug":"rokytnice190","status":"publish","type":"page","link":"https:\/\/www.rokytnice190.cz\/","title":{"rendered":"Rokytnice190"},"content":{"rendered":"<p>[et_pb_section fb_built=&#8220;1&#8243; admin_label=&#8220;Header&#8220; _builder_version=&#8220;4.16&#8243; _module_preset=&#8220;default&#8220; custom_padding=&#8220;||0px|||&#8220; global_colors_info=&#8220;{}&#8220;][et_pb_row column_structure=&#8220;1_2,1_2&#8243; use_custom_gutter=&#8220;on&#8220; gutter_width=&#8220;2&#8243; _builder_version=&#8220;4.16&#8243; _module_preset=&#8220;default&#8220; global_colors_info=&#8220;{}&#8220;][et_pb_column type=&#8220;1_2&#8243; _builder_version=&#8220;4.16&#8243; _module_preset=&#8220;default&#8220; global_colors_info=&#8220;{}&#8220;][et_pb_text _builder_version=&#8220;4.21.0&#8243; _module_preset=&#8220;default&#8220; header_3_font=&#8220;Merriweather||||||||&#8220; header_3_font_size=&#8220;20px&#8220; header_3_line_height=&#8220;1.2em&#8220; header_3_font_size_tablet=&#8220;18px&#8220; header_3_font_size_phone=&#8220;16px&#8220; header_3_font_size_last_edited=&#8220;on|phone&#8220; locked=&#8220;off&#8220; global_colors_info=&#8220;{}&#8220;]<strong>Doln\u00ed Rokytnice 190, Rokytnice nad Jizerou<\/strong>[\/et_pb_text][et_pb_blurb title=&#8220;K pronajmut\u00ed&#8220; use_icon=&#8220;on&#8220; font_icon=&#8220;&#x5c;||divi||400&#8243; icon_color=&#8220;#29c4a9&#8243; icon_placement=&#8220;left&#8220; image_icon_width=&#8220;16px&#8220; content_max_width=&#8220;100%&#8220; _builder_version=&#8220;4.21.0&#8243; _module_preset=&#8220;default&#8220; header_font=&#8220;|700||on|||||&#8220; header_font_size=&#8220;13px&#8220; header_line_height=&#8220;1.3em&#8220; icon_font_size=&#8220;16px&#8220; locked=&#8220;off&#8220; global_colors_info=&#8220;{}&#8220;][\/et_pb_blurb][\/et_pb_column][et_pb_column type=&#8220;1_2&#8243; _builder_version=&#8220;4.16&#8243; _module_preset=&#8220;default&#8220; global_colors_info=&#8220;{}&#8220;][et_pb_text _builder_version=&#8220;4.21.0&#8243; _module_preset=&#8220;default&#8220; header_3_font=&#8220;Merriweather||||||||&#8220; header_3_font_size=&#8220;20px&#8220; header_3_line_height=&#8220;1.2em&#8220; header_3_font_size_tablet=&#8220;18px&#8220; header_3_font_size_phone=&#8220;16px&#8220; header_3_font_size_last_edited=&#8220;on|phone&#8220; locked=&#8220;off&#8220; global_colors_info=&#8220;{}&#8220;]<\/p>\n<h3><strong>Cena na vy\u017e\u00e1d\u00e1n\u00ed<\/strong><\/h3>\n<p>2+kk | kuchy\u0148ka | 51,4m2 |<\/p>\n<p>[\/et_pb_text][\/et_pb_column][\/et_pb_row][\/et_pb_section][et_pb_section fb_built=&#8220;1&#8243; admin_label=&#8220;Header&#8220; _builder_version=&#8220;4.16&#8243; _module_preset=&#8220;default&#8220; custom_padding=&#8220;||0px|||&#8220; global_colors_info=&#8220;{}&#8220;][et_pb_row column_structure=&#8220;1_2,1_2&#8243; use_custom_gutter=&#8220;on&#8220; gutter_width=&#8220;2&#8243; _builder_version=&#8220;4.16&#8243; _module_preset=&#8220;default&#8220; global_colors_info=&#8220;{}&#8220;][et_pb_column type=&#8220;1_2&#8243; _builder_version=&#8220;4.16&#8243; _module_preset=&#8220;default&#8220; global_colors_info=&#8220;{}&#8220;][et_pb_image src=&#8220;http:\/\/www.rokytnice190.cz\/wp-content\/uploads\/2023\/06\/IMG_0042-scaled.jpg&#8220; title_text=&#8220;loznice rekreace rokytnice nad jizerou hory&#8220; force_fullwidth=&#8220;on&#8220; _builder_version=&#8220;4.21.0&#8243; _module_preset=&#8220;default&#8220; locked=&#8220;off&#8220; global_colors_info=&#8220;{}&#8220;][\/et_pb_image][\/et_pb_column][et_pb_column type=&#8220;1_2&#8243; _builder_version=&#8220;4.16&#8243; _module_preset=&#8220;default&#8220; global_colors_info=&#8220;{}&#8220;][et_pb_text _builder_version=&#8220;4.21.0&#8243; _module_preset=&#8220;default&#8220; text_font_size=&#8220;16px&#8220; text_line_height=&#8220;2.2em&#8220; text_font_size_tablet=&#8220;14px&#8220; text_font_size_phone=&#8220;&#8220; text_font_size_last_edited=&#8220;on|phone&#8220; locked=&#8220;off&#8220; global_colors_info=&#8220;{}&#8220;]<\/p>\n<p>Byt o velikosti 2 + kk ( 51,4m ) se nach\u00e1z\u00ed v p\u0159\u00edm\u00e9m sousedstv\u00ed nedot\u010den\u00e9 krkono\u0161sk\u00e9 p\u0159\u00edrody jen n\u011bkolik minut od centra s plnou ob\u010danskou vybavenost\u00ed a minutu cesty od hlavn\u00edho tahu na Prahu a Harrachov. Parkov\u00e1n\u00ed je zaji\u0161t\u011bno p\u0159\u00edmo p\u0159ed domem a doslova za jeho rohem jsou autobusov\u00e9 zast\u00e1vky \/ Skibus vedouc\u00ed do bl\u00edzk\u00fdch m\u011bst a\u00a0 ly\u017ea\u0159sk\u00fdch are\u00e1l\u016f.<\/p>\n<p>[\/et_pb_text][\/et_pb_column][\/et_pb_row][\/et_pb_section][et_pb_section fb_built=&#8220;1&#8243; admin_label=&#8220;Header&#8220; _builder_version=&#8220;4.16&#8243; _module_preset=&#8220;default&#8220; custom_padding=&#8220;||0px|||&#8220; global_colors_info=&#8220;{}&#8220;][et_pb_row column_structure=&#8220;1_4,1_4,1_4,1_4&#8243; use_custom_gutter=&#8220;on&#8220; gutter_width=&#8220;2&#8243; _builder_version=&#8220;4.16&#8243; _module_preset=&#8220;default&#8220; global_colors_info=&#8220;{}&#8220;][et_pb_column type=&#8220;1_4&#8243; _builder_version=&#8220;4.16&#8243; _module_preset=&#8220;default&#8220; global_colors_info=&#8220;{}&#8220;][et_pb_text _builder_version=&#8220;4.21.0&#8243; text_font=&#8220;|700|||||||&#8220; text_text_color=&#8220;#000000&#8243; text_font_size=&#8220;16px&#8220; text_line_height=&#8220;1.4em&#8220; header_6_font=&#8220;|600||on|||||&#8220; header_6_text_color=&#8220;#b4926b&#8220; header_6_font_size=&#8220;12px&#8220; header_6_letter_spacing=&#8220;2px&#8220; header_6_line_height=&#8220;1.2em&#8220; locked=&#8220;off&#8220; global_colors_info=&#8220;{}&#8220;]<\/p>\n<h6>V\u00fdhled<\/h6>\n<p>balk\u00f3n[\/et_pb_text][\/et_pb_column][et_pb_column type=&#8220;1_4&#8243; _builder_version=&#8220;4.16&#8243; _module_preset=&#8220;default&#8220; global_colors_info=&#8220;{}&#8220;][et_pb_text _builder_version=&#8220;4.21.0&#8243; text_font=&#8220;|700|||||||&#8220; text_text_color=&#8220;#000000&#8243; text_font_size=&#8220;16px&#8220; text_line_height=&#8220;1.4em&#8220; header_6_font=&#8220;|600||on|||||&#8220; header_6_text_color=&#8220;#b4926b&#8220; header_6_font_size=&#8220;12px&#8220; header_6_letter_spacing=&#8220;2px&#8220; header_6_line_height=&#8220;1.2em&#8220; text_font_size_tablet=&#8220;18px&#8220; text_font_size_phone=&#8220;16px&#8220; text_font_size_last_edited=&#8220;off|desktop&#8220; locked=&#8220;off&#8220; global_colors_info=&#8220;{}&#8220;]<\/p>\n<h6>Sport<\/h6>\n<p>vlastn\u00ed k\u00f3je na sportovn\u00ed vybaven\u00ed[\/et_pb_text][\/et_pb_column][et_pb_column type=&#8220;1_4&#8243; _builder_version=&#8220;4.16&#8243; _module_preset=&#8220;default&#8220; global_colors_info=&#8220;{}&#8220;][et_pb_text _builder_version=&#8220;4.21.0&#8243; text_font=&#8220;|700|||||||&#8220; text_text_color=&#8220;#000000&#8243; text_font_size=&#8220;16px&#8220; text_line_height=&#8220;1.4em&#8220; header_6_font=&#8220;|600||on|||||&#8220; header_6_text_color=&#8220;#b4926b&#8220; header_6_font_size=&#8220;12px&#8220; header_6_letter_spacing=&#8220;2px&#8220; header_6_line_height=&#8220;1.2em&#8220; locked=&#8220;off&#8220; global_colors_info=&#8220;{}&#8220;]<\/p>\n<h6>Soukrom\u00ed<\/h6>\n<p>odd\u011blen\u00e1 toaleta[\/et_pb_text][\/et_pb_column][et_pb_column type=&#8220;1_4&#8243; _builder_version=&#8220;4.16&#8243; _module_preset=&#8220;default&#8220; global_colors_info=&#8220;{}&#8220;][et_pb_text _builder_version=&#8220;4.21.0&#8243; text_font=&#8220;|700|||||||&#8220; text_text_color=&#8220;#000000&#8243; text_font_size=&#8220;16px&#8220; text_line_height=&#8220;1.4em&#8220; header_6_font=&#8220;|600||on|||||&#8220; header_6_text_color=&#8220;#b4926b&#8220; header_6_font_size=&#8220;12px&#8220; header_6_letter_spacing=&#8220;2px&#8220; header_6_line_height=&#8220;1.2em&#8220; locked=&#8220;off&#8220; global_colors_info=&#8220;{}&#8220;]<\/p>\n<h6>Hygiena<\/h6>\n<p>koupelna v\u010detn\u011b sanity[\/et_pb_text][\/et_pb_column][\/et_pb_row][et_pb_row column_structure=&#8220;1_2,1_2&#8243; use_custom_gutter=&#8220;on&#8220; gutter_width=&#8220;2&#8243; _builder_version=&#8220;4.21.0&#8243; _module_preset=&#8220;default&#8220; global_colors_info=&#8220;{}&#8220;][et_pb_column type=&#8220;1_2&#8243; _builder_version=&#8220;4.16&#8243; _module_preset=&#8220;default&#8220; global_colors_info=&#8220;{}&#8220;][et_pb_text _builder_version=&#8220;4.21.0&#8243; text_font=&#8220;|700|||||||&#8220; text_text_color=&#8220;#000000&#8243; text_font_size=&#8220;16px&#8220; text_line_height=&#8220;1.4em&#8220; header_6_font=&#8220;|600||on|||||&#8220; header_6_text_color=&#8220;#b4926b&#8220; header_6_font_size=&#8220;12px&#8220; header_6_letter_spacing=&#8220;2px&#8220; header_6_line_height=&#8220;1.2em&#8220; locked=&#8220;off&#8220; global_colors_info=&#8220;{}&#8220;]<\/p>\n<h6>Komfort<\/h6>\n<p>podlahov\u00e9 vyt\u00e1p\u011bn\u00ed v cel\u00e9m byt\u011b[\/et_pb_text][\/et_pb_column][et_pb_column type=&#8220;1_2&#8243; _builder_version=&#8220;4.16&#8243; _module_preset=&#8220;default&#8220; global_colors_info=&#8220;{}&#8220;][et_pb_text _builder_version=&#8220;4.21.0&#8243; text_font=&#8220;|700|||||||&#8220; text_text_color=&#8220;#000000&#8243; text_font_size=&#8220;16px&#8220; text_line_height=&#8220;1.4em&#8220; header_6_font=&#8220;|600||on|||||&#8220; header_6_text_color=&#8220;#b4926b&#8220; header_6_font_size=&#8220;12px&#8220; header_6_letter_spacing=&#8220;2px&#8220; header_6_line_height=&#8220;1.2em&#8220; locked=&#8220;off&#8220; global_colors_info=&#8220;{}&#8220;]<\/p>\n<h6>Vybaven\u00ed<\/h6>\n<p>kuchy\u0148sk\u00e1 linka na m\u00edru v\u010d. vestavn\u00fdch spot\u0159ebi\u010d\u016f, stm\u00edvateln\u00e9ho osv\u011btlen\u00ed a elektricky ovl\u00e1dan\u00fdch ko\u0161\u016f[\/et_pb_text][\/et_pb_column][\/et_pb_row][\/et_pb_section][et_pb_section fb_built=&#8220;1&#8243; disabled_on=&#8220;on|on|on&#8220; admin_label=&#8220;Gallery&#8220; _builder_version=&#8220;4.21.0&#8243; _module_preset=&#8220;default&#8220; disabled=&#8220;on&#8220; global_colors_info=&#8220;{}&#8220;][et_pb_row column_structure=&#8220;1_3,1_3,1_3&#8243; _builder_version=&#8220;4.16&#8243; _module_preset=&#8220;default&#8220; global_colors_info=&#8220;{}&#8220;][et_pb_column type=&#8220;1_3&#8243; _builder_version=&#8220;4.16&#8243; _module_preset=&#8220;default&#8220; global_colors_info=&#8220;{}&#8220;][et_pb_image src=&#8220;http:\/\/www.rokytnice190.cz\/wp-content\/uploads\/2023\/06\/IMG_0041-scaled.jpg&#8220; title_text=&#8220;obyvaci pokoj rekreace rokytnice nad jizerou hory 2&#8243; show_in_lightbox=&#8220;on&#8220; _builder_version=&#8220;4.21.0&#8243; _module_preset=&#8220;default&#8220; global_colors_info=&#8220;{}&#8220;][\/et_pb_image][\/et_pb_column][et_pb_column type=&#8220;1_3&#8243; _builder_version=&#8220;4.16&#8243; _module_preset=&#8220;default&#8220; global_colors_info=&#8220;{}&#8220;][et_pb_image src=&#8220;http:\/\/www.rokytnice190.cz\/wp-content\/uploads\/2023\/06\/IMG_0044-scaled.jpg&#8220; title_text=&#8220;loznice rekreace rokytnice nad jizerou hory 3&#8243; show_in_lightbox=&#8220;on&#8220; _builder_version=&#8220;4.21.0&#8243; _module_preset=&#8220;default&#8220; locked=&#8220;off&#8220; global_colors_info=&#8220;{}&#8220;][\/et_pb_image][\/et_pb_column][et_pb_column type=&#8220;1_3&#8243; _builder_version=&#8220;4.16&#8243; _module_preset=&#8220;default&#8220; global_colors_info=&#8220;{}&#8220;][et_pb_image src=&#8220;http:\/\/www.rokytnice190.cz\/wp-content\/uploads\/2023\/06\/IMG_0042-scaled.jpg&#8220; title_text=&#8220;loznice rekreace rokytnice nad jizerou hory&#8220; show_in_lightbox=&#8220;on&#8220; _builder_version=&#8220;4.21.0&#8243; _module_preset=&#8220;default&#8220; locked=&#8220;off&#8220; global_colors_info=&#8220;{}&#8220;][\/et_pb_image][\/et_pb_column][\/et_pb_row][et_pb_row column_structure=&#8220;1_3,1_3,1_3&#8243; _builder_version=&#8220;4.16&#8243; _module_preset=&#8220;default&#8220; global_colors_info=&#8220;{}&#8220;][et_pb_column type=&#8220;1_3&#8243; _builder_version=&#8220;4.16&#8243; _module_preset=&#8220;default&#8220; global_colors_info=&#8220;{}&#8220;][et_pb_image src=&#8220;http:\/\/www.rokytnice190.cz\/wp-content\/uploads\/2023\/06\/IMG_0243.jpg&#8220; title_text=&#8220;vchod rekreace rokytnice nad jizerou hory&#8220; show_in_lightbox=&#8220;on&#8220; _builder_version=&#8220;4.21.0&#8243; _module_preset=&#8220;default&#8220; global_colors_info=&#8220;{}&#8220;][\/et_pb_image][\/et_pb_column][et_pb_column type=&#8220;1_3&#8243; _builder_version=&#8220;4.16&#8243; _module_preset=&#8220;default&#8220; global_colors_info=&#8220;{}&#8220;][et_pb_image src=&#8220;http:\/\/www.rokytnice190.cz\/wp-content\/uploads\/2023\/06\/IMG_0246.jpg&#8220; title_text=&#8220;koupelna rekreace rokytnice nad jizerou hory 3&#8243; show_in_lightbox=&#8220;on&#8220; _builder_version=&#8220;4.21.0&#8243; _module_preset=&#8220;default&#8220; locked=&#8220;off&#8220; global_colors_info=&#8220;{}&#8220;][\/et_pb_image][\/et_pb_column][et_pb_column type=&#8220;1_3&#8243; _builder_version=&#8220;4.16&#8243; _module_preset=&#8220;default&#8220; global_colors_info=&#8220;{}&#8220;][et_pb_image src=&#8220;http:\/\/www.rokytnice190.cz\/wp-content\/uploads\/2023\/06\/IMG_0244.jpg&#8220; title_text=&#8220;koupelna rekreace rokytnice nad jizerou hory&#8220; show_in_lightbox=&#8220;on&#8220; _builder_version=&#8220;4.21.0&#8243; _module_preset=&#8220;default&#8220; locked=&#8220;off&#8220; global_colors_info=&#8220;{}&#8220;][\/et_pb_image][\/et_pb_column][\/et_pb_row][et_pb_row column_structure=&#8220;1_3,1_3,1_3&#8243; _builder_version=&#8220;4.16&#8243; _module_preset=&#8220;default&#8220; global_colors_info=&#8220;{}&#8220;][et_pb_column type=&#8220;1_3&#8243; _builder_version=&#8220;4.16&#8243; _module_preset=&#8220;default&#8220; global_colors_info=&#8220;{}&#8220;][\/et_pb_column][et_pb_column type=&#8220;1_3&#8243; _builder_version=&#8220;4.16&#8243; _module_preset=&#8220;default&#8220; global_colors_info=&#8220;{}&#8220;][et_pb_image src=&#8220;http:\/\/www.rokytnice190.cz\/wp-content\/uploads\/2023\/06\/IMG_0248.jpg&#8220; title_text=&#8220;kuchyne rekreace rokytnice nad jizerou hory &#8220; show_in_lightbox=&#8220;on&#8220; _builder_version=&#8220;4.21.0&#8243; _module_preset=&#8220;default&#8220; global_colors_info=&#8220;{}&#8220;][\/et_pb_image][\/et_pb_column][et_pb_column type=&#8220;1_3&#8243; _builder_version=&#8220;4.16&#8243; _module_preset=&#8220;default&#8220; global_colors_info=&#8220;{}&#8220;][\/et_pb_column][\/et_pb_row][\/et_pb_section][et_pb_section fb_built=&#8220;1&#8243; _builder_version=&#8220;4.21.0&#8243; _module_preset=&#8220;default&#8220; global_colors_info=&#8220;{}&#8220;][et_pb_row _builder_version=&#8220;4.21.0&#8243; _module_preset=&#8220;default&#8220; global_colors_info=&#8220;{}&#8220;][et_pb_column type=&#8220;4_4&#8243; _builder_version=&#8220;4.21.0&#8243; _module_preset=&#8220;default&#8220; global_colors_info=&#8220;{}&#8220;][et_pb_gallery gallery_ids=&#8220;89,90,91,92,93,94,95,96,97,34,98,27,35,33,32,31,30,29,28,105&#8243; posts_number=&#8220;30&#8243; _builder_version=&#8220;4.21.0&#8243; _module_preset=&#8220;default&#8220; global_colors_info=&#8220;{}&#8220;][\/et_pb_gallery][\/et_pb_column][\/et_pb_row][\/et_pb_section][et_pb_section fb_built=&#8220;1&#8243; admin_label=&#8220;Header&#8220; _builder_version=&#8220;4.16&#8243; _module_preset=&#8220;default&#8220; custom_padding=&#8220;||0px|||&#8220; global_colors_info=&#8220;{}&#8220;][et_pb_row _builder_version=&#8220;4.16&#8243; _module_preset=&#8220;default&#8220; global_colors_info=&#8220;{}&#8220;][et_pb_column type=&#8220;4_4&#8243; _builder_version=&#8220;4.16&#8243; _module_preset=&#8220;default&#8220; global_colors_info=&#8220;{}&#8220;][et_pb_map address=&#8220;Doln\u00ed Rokytnice 190, 512 44 Rokytnice nad Jizerou, \u010cesko&#8220; zoom_level=&#8220;17&#8243; address_lat=&#8220;50.7194701&#8243; address_lng=&#8220;15.4226134&#8243; mouse_wheel=&#8220;off&#8220; _builder_version=&#8220;4.21.0&#8243; hover_enabled=&#8220;0&#8243; locked=&#8220;off&#8220; global_colors_info=&#8220;{}&#8220; sticky_enabled=&#8220;0&#8243;][et_pb_map_pin title=&#8220;Rokytnice 190&#8243; pin_address=&#8220;Doln\u00ed Rokytnice 190, 512 44 Rokytnice nad Jizerou, \u010cesko&#8220; zoom_level=&#8220;14&#8243; pin_address_lat=&#8220;50.7194701&#8243; pin_address_lng=&#8220;15.4226134&#8243; _builder_version=&#8220;4.21.0&#8243; global_colors_info=&#8220;{}&#8220; hover_enabled=&#8220;0&#8243; sticky_enabled=&#8220;0&#8243;][\/et_pb_map_pin][\/et_pb_map][\/et_pb_column][\/et_pb_row][\/et_pb_section][et_pb_section fb_built=&#8220;1&#8243; custom_padding_last_edited=&#8220;on|phone&#8220; admin_label=&#8220;Footer&#8220; _builder_version=&#8220;4.21.0&#8243; _module_preset=&#8220;default&#8220; background_color=&#8220;#38413a&#8220; background_image=&#8220;http:\/\/www.rokytnice190.cz\/wp-content\/uploads\/2023\/06\/realtor-010.jpg&#8220; custom_padding=&#8220;100px||100px||true|false&#8220; custom_padding_tablet=&#8220;80px||80px||true|false&#8220; custom_padding_phone=&#8220;60px||60px||true|false&#8220; global_module=&#8220;70&#8243; saved_tabs=&#8220;all&#8220; locked=&#8220;off&#8220; global_colors_info=&#8220;{}&#8220;][et_pb_row column_structure=&#8220;2_5,3_5&#8243; _builder_version=&#8220;4.16&#8243; _module_preset=&#8220;default&#8220; global_colors_info=&#8220;{}&#8220;][et_pb_column type=&#8220;2_5&#8243; _builder_version=&#8220;4.16&#8243; _module_preset=&#8220;default&#8220; global_colors_info=&#8220;{}&#8220;][et_pb_text _builder_version=&#8220;4.21.0&#8243; _module_preset=&#8220;default&#8220; text_font_size=&#8220;16px&#8220; header_2_font=&#8220;Merriweather|300|||||||&#8220; header_2_font_size=&#8220;54px&#8220; header_2_line_height=&#8220;1.4em&#8220; background_layout=&#8220;dark&#8220; header_2_font_size_tablet=&#8220;44px&#8220; header_2_font_size_phone=&#8220;28px&#8220; header_2_font_size_last_edited=&#8220;on|phone&#8220; locked=&#8220;off&#8220; global_colors_info=&#8220;{}&#8220;]<\/p>\n<h2>Rokytnice 190<\/h2>\n<p>[\/et_pb_text][\/et_pb_column][et_pb_column type=&#8220;3_5&#8243; _builder_version=&#8220;4.16&#8243; _module_preset=&#8220;default&#8220; global_colors_info=&#8220;{}&#8220;][et_pb_text _builder_version=&#8220;4.21.0&#8243; _module_preset=&#8220;default&#8220; text_font_size=&#8220;16px&#8220; text_line_height=&#8220;2.2em&#8220; background_layout=&#8220;dark&#8220; text_font_size_tablet=&#8220;14px&#8220; text_font_size_phone=&#8220;&#8220; text_font_size_last_edited=&#8220;on|phone&#8220; locked=&#8220;off&#8220; global_colors_info=&#8220;{}&#8220;]<\/p>\n<p>Rokytnice nad Jizerou, malebn\u00e9 horsk\u00e9 m\u011bste\u010dko v z\u00e1padn\u00edm koutu Krkono\u0161, l\u00e1k\u00e1 celoro\u010dn\u011b nespo\u010det sportovn\u00edch nad\u0161enc\u016f a milovn\u00edk\u016f p\u0159\u00edrody.<\/p>\n<p>[\/et_pb_text][\/et_pb_column][\/et_pb_row][et_pb_row column_structure=&#8220;1_2,1_2&#8243; custom_padding_last_edited=&#8220;on|phone&#8220; _builder_version=&#8220;4.16&#8243; _module_preset=&#8220;default&#8220; background_color=&#8220;rgba(0,0,0,0.7)&#8220; custom_margin=&#8220;3vw||3vw||true|false&#8220; custom_padding=&#8220;60px|30px|60px|30px|true|true&#8220; custom_padding_tablet=&#8220;&#8220; custom_padding_phone=&#8220;&#8220; border_color_all=&#8220;#b4926b&#8220; border_width_bottom=&#8220;10px&#8220; locked=&#8220;off&#8220; global_colors_info=&#8220;{}&#8220;][et_pb_column type=&#8220;1_2&#8243; _builder_version=&#8220;4.16&#8243; _module_preset=&#8220;default&#8220; global_colors_info=&#8220;{}&#8220;][et_pb_text _builder_version=&#8220;4.21.0&#8243; text_font=&#8220;|700|||||||&#8220; text_text_color=&#8220;#b4926b&#8220; text_font_size=&#8220;20px&#8220; text_line_height=&#8220;1.4em&#8220; link_text_color=&#8220;#000000&#8243; header_6_font=&#8220;|600||on|||||&#8220; header_6_letter_spacing=&#8220;2px&#8220; header_6_line_height=&#8220;1.2em&#8220; text_orientation=&#8220;center&#8220; background_layout=&#8220;dark&#8220; text_font_size_tablet=&#8220;18px&#8220; text_font_size_phone=&#8220;16px&#8220; text_font_size_last_edited=&#8220;on|phone&#8220; locked=&#8220;off&#8220; global_colors_info=&#8220;{}&#8220;]<\/p>\n<h6>Telefon<\/h6>\n<p>605 575 209<\/p>\n<p>[\/et_pb_text][\/et_pb_column][et_pb_column type=&#8220;1_2&#8243; _builder_version=&#8220;4.16&#8243; _module_preset=&#8220;default&#8220; global_colors_info=&#8220;{}&#8220;][et_pb_text _builder_version=&#8220;4.21.0&#8243; text_font=&#8220;|700|||||||&#8220; text_text_color=&#8220;#b4926b&#8220; text_font_size=&#8220;20px&#8220; text_line_height=&#8220;1.4em&#8220; link_text_color=&#8220;#b4926b&#8220; header_6_font=&#8220;|600||on|||||&#8220; header_6_letter_spacing=&#8220;2px&#8220; header_6_line_height=&#8220;1.2em&#8220; text_orientation=&#8220;center&#8220; background_layout=&#8220;dark&#8220; text_font_size_tablet=&#8220;18px&#8220; text_font_size_phone=&#8220;16px&#8220; text_font_size_last_edited=&#8220;on|phone&#8220; locked=&#8220;off&#8220; global_colors_info=&#8220;{}&#8220;]<\/p>\n<h6>Email<\/h6>\n<p><a href=\"#\">vasek.vlach@seznam.cz<\/a>[\/et_pb_text][\/et_pb_column][\/et_pb_row][\/et_pb_section]<\/p>\n","protected":false},"excerpt":{"rendered":"<p>Doln\u00ed Rokytnice 190, Rokytnice nad JizerouCena na vy\u017e\u00e1d\u00e1n\u00ed 2+kk | kuchy\u0148ka | 51,4m2 |Byt o velikosti 2 + kk ( 51,4m ) se nach\u00e1z\u00ed v p\u0159\u00edm\u00e9m sousedstv\u00ed nedot\u010den\u00e9 krkono\u0161sk\u00e9 p\u0159\u00edrody jen n\u011bkolik minut od centra s plnou ob\u010danskou vybavenost\u00ed a minutu cesty od hlavn\u00edho tahu na Prahu a Harrachov. Parkov\u00e1n\u00ed je zaji\u0161t\u011bno p\u0159\u00edmo p\u0159ed domem [&hellip;]<\/p>\n","protected":false},"author":1,"featured_media":0,"parent":0,"menu_order":0,"comment_status":"closed","ping_status":"closed","template":"","meta":{"_et_pb_use_builder":"on","_et_pb_old_content":"","_et_gb_content_width":"","footnotes":""},"class_list":["post-8","page","type-page","status-publish","hentry"],"_links":{"self":[{"href":"https:\/\/www.rokytnice190.cz\/index.php?rest_route=\/wp\/v2\/pages\/8","targetHints":{"allow":["GET"]}}],"collection":[{"href":"https:\/\/www.rokytnice190.cz\/index.php?rest_route=\/wp\/v2\/pages"}],"about":[{"href":"https:\/\/www.rokytnice190.cz\/index.php?rest_route=\/wp\/v2\/types\/page"}],"author":[{"embeddable":true,"href":"https:\/\/www.rokytnice190.cz\/index.php?rest_route=\/wp\/v2\/users\/1"}],"replies":[{"embeddable":true,"href":"https:\/\/www.rokytnice190.cz\/index.php?rest_route=%2Fwp%2Fv2%2Fcomments&post=8"}],"version-history":[{"count":16,"href":"https:\/\/www.rokytnice190.cz\/index.php?rest_route=\/wp\/v2\/pages\/8\/revisions"}],"predecessor-version":[{"id":109,"href":"https:\/\/www.rokytnice190.cz\/index.php?rest_route=\/wp\/v2\/pages\/8\/revisions\/109"}],"wp:attachment":[{"href":"https:\/\/www.rokytnice190.cz\/index.php?rest_route=%2Fwp%2Fv2%2Fmedia&parent=8"}],"curies":[{"name":"wp","href":"https:\/\/api.w.org\/{rel}","templated":true}]}}